{"id":1864,"date":"2024-06-28T17:57:23","date_gmt":"2024-06-28T15:57:23","guid":{"rendered":"https:\/\/www.frauenarzt-bern.local\/?page_id=1864"},"modified":"2026-03-31T20:31:42","modified_gmt":"2026-03-31T18:31:42","slug":"impressum","status":"publish","type":"page","link":"https:\/\/www.frauenarzt-bern.ch\/fr\/impressum\/","title":{"rendered":"Mentions l\u00e9gales"},"content":{"rendered":"<style>.kb-row-layout-id1864_3c8f9e-b7 > .kt-row-column-wrap{align-content:start;}:where(.kb-row-layout-id1864_3c8f9e-b7 > .kt-row-column-wrap) > .wp-block-kadence-column{justify-content:start;}.kb-row-layout-id1864_3c8f9e-b7 > .kt-row-column-wrap{column-gap:var(--global-kb-gap-md, 2rem);row-gap:var(--global-kb-gap-md, 2rem);max-width:var( --global-content-width, 1290px );padding-left:var(--global-content-edge-padding);padding-right:var(--global-content-edge-padding);padding-top:var(--global-kb-spacing-sm, 1.5rem);padding-bottom:var(--global-kb-spacing-sm, 1.5rem);grid-template-columns:minmax(0, 1fr);}.kb-row-layout-id1864_3c8f9e-b7 > .kt-row-layout-overlay{opacity:0.30;}@media all and (max-width: 1024px){.kb-row-layout-id1864_3c8f9e-b7 > .kt-row-column-wrap{grid-template-columns:minmax(0, 1fr);}}@media all and (max-width: 767px){.kb-row-layout-id1864_3c8f9e-b7 > .kt-row-column-wrap{grid-template-columns:minmax(0, 1fr);}}<\/style><div class=\"kb-row-layout-wrap kb-row-layout-id1864_3c8f9e-b7 alignnone wp-block-kadence-rowlayout\"><div class=\"kt-row-column-wrap kt-has-1-columns kt-row-layout-equal kt-tab-layout-inherit kt-mobile-layout-row kt-row-valign-top kb-theme-content-width\">\n<style>.kadence-column1864_bde016-35 > .kt-inside-inner-col,.kadence-column1864_bde016-35 > .kt-inside-inner-col:before{border-top-left-radius:0px;border-top-right-radius:0px;border-bottom-right-radius:0px;border-bottom-left-radius:0px;}.kadence-column1864_bde016-35 > .kt-inside-inner-col{column-gap:var(--global-kb-gap-sm, 1rem);}.kadence-column1864_bde016-35 > .kt-inside-inner-col{flex-direction:column;}.kadence-column1864_bde016-35 > .kt-inside-inner-col > .aligncenter{width:100%;}.kadence-column1864_bde016-35 > .kt-inside-inner-col:before{opacity:0.3;}.kadence-column1864_bde016-35{position:relative;}@media all and (max-width: 1024px){.kadence-column1864_bde016-35 > .kt-inside-inner-col{flex-direction:column;justify-content:center;}}@media all and (max-width: 767px){.kadence-column1864_bde016-35 > .kt-inside-inner-col{flex-direction:column;justify-content:center;}}<\/style>\n<div class=\"wp-block-kadence-column kadence-column1864_bde016-35\"><div class=\"kt-inside-inner-col\">\n<h1 class=\"wp-block-heading\">Mentions l\u00e9gales<\/h1>\n\n\n\n<h2 class=\"wp-block-heading\">Adresse<\/h2>\n\n\n\n<p>Dr. med. Stefan Buballa<\/p>\n\n\n\n<p>Bastion 19<\/p>\n\n\n\n<p>3011 Berne<\/p>\n\n\n\n<p>Courrier \u00e9lectronique : praxis@frauenarzt-bern.ch&nbsp;<\/p>\n\n\n\n<h2 class=\"wp-block-heading\">Clause de non-responsabilit\u00e9<\/h2>\n\n\n\n<p>L'auteur n'assume aucune responsabilit\u00e9 quant \u00e0 l'actualit\u00e9, l'exactitude, l'exhaustivit\u00e9 ou la qualit\u00e9 des informations mises \u00e0 disposition.<\/p>\n\n\n\n<p>L'auteur ne saurait \u00eatre tenu pour responsable des dommages mat\u00e9riels ou immat\u00e9riels qui pourraient \u00eatre caus\u00e9s par l'acc\u00e8s aux informations diffus\u00e9es ou par leur utilisation ou non-utilisation, par le mauvais usage de la connexion ou par des probl\u00e8mes techniques.<\/p>\n\n\n\n<p>Toutes les offres sont sans engagement et non contractuelles. L'auteur se r\u00e9serve express\u00e9ment le droit de modifier, de compl\u00e9ter ou de supprimer des parties de pages ou l'ensemble de l'offre sans avis pr\u00e9alable, ou d'en suspendre temporairement ou d\u00e9finitivement la publication.&nbsp;<\/p>\n\n\n\n<h2 class=\"wp-block-heading\">Liens externes<\/h2>\n\n\n\n<p>Notre offre contient des liens vers des sites web externes de tiers, sur le contenu desquels nous n'avons aucune influence. C'est pourquoi nous ne pouvons pas non plus nous porter garants de ces contenus externes. Le fournisseur ou l'exploitant des pages li\u00e9es est toujours responsable des contenus de ces pages. Les pages li\u00e9es ont \u00e9t\u00e9 contr\u00f4l\u00e9es au moment de la cr\u00e9ation du lien afin de v\u00e9rifier qu'elles ne pr\u00e9sentaient pas d'infraction \u00e0 la loi. Aucun contenu ill\u00e9gal n'a \u00e9t\u00e9 identifi\u00e9 au moment de la cr\u00e9ation des liens.<\/p>\n\n\n\n<p>Un contr\u00f4le permanent du contenu des pages li\u00e9es n'est toutefois pas exigible sans indices concrets d'une violation de la loi. Si nous prenons connaissance de violations de la loi, nous supprimerons imm\u00e9diatement les liens concern\u00e9s.&nbsp;<\/p>\n\n\n\n<h2 class=\"wp-block-heading\">Droits d'auteur<\/h2>\n\n\n\n<p>Les droits d'auteur et tous les autres droits relatifs aux contenus, images, photos ou autres fichiers pr\u00e9sents sur le site web sont la propri\u00e9t\u00e9 exclusive du Dr. med. Stefan Buballa.<\/p>\n\n\n\n<p>Les images sont en partie utilis\u00e9es sous licence de Shutterstock, Canva, de plateformes en ligne telles que Pixel, qui mettent \u00e0 disposition des images gratuites, ainsi que des images personnelles cr\u00e9\u00e9es par le Dr Stefan Buballa lui-m\u00eame.<\/p>\n\n\n\n<p>La reproduction de tout \u00e9l\u00e9ment doit faire l'objet d'une autorisation \u00e9crite pr\u00e9alable du titulaire du droit d'auteur.<\/p>\n\n\n\n<h2 class=\"wp-block-heading\">Marketing<\/h2>\n\n\n\n<p>Dr. med. Stefan Buballa respecte les normes du marketing de bouche \u00e0 oreille. Nous croyons en l'honn\u00eatet\u00e9 des relations, des opinions et des identit\u00e9s. La r\u00e9mun\u00e9ration re\u00e7ue peut influencer le contenu des publicit\u00e9s, des sujets ou des contributions sur ce blog. Ces contenus, espaces publicitaires ou contributions sont clairement identifi\u00e9s comme \u00e9tant pay\u00e9s ou sponsoris\u00e9s.<\/p>\n\n\n\n<p>Le Dr Stefan Buballa n'est jamais pay\u00e9 directement pour exprimer son opinion sur des produits, des services, des sites web ou divers autres sujets. Les points de vue et opinions exprim\u00e9s sur ce site sont exclusivement ceux de leurs auteurs. Si nous affirmons ou donnons l'impression d'\u00eatre des experts d'un sujet, d'un produit ou d'un service particulier, nous ne recommanderons que des produits ou des services que nous estimons recommandables sur la base de notre expertise. Toutes les d\u00e9clarations de produits, statistiques, citations ou autres pr\u00e9sentations d'un produit ou d'un service doivent \u00eatre v\u00e9rifi\u00e9es aupr\u00e8s du fabricant ou du fournisseur.<\/p>\n\n\n\n<p>Ce site ne contient aucun contenu susceptible de constituer un conflit d'int\u00e9r\u00eats.<\/p>\n\n\n\n<p>Aucune d\u00e9claration, garantie ou assurance n'est donn\u00e9e quant \u00e0 l'exactitude, l'actualit\u00e9 ou l'exhaustivit\u00e9 du contenu de ce site web ou de tout site web ayant un lien avec ce site.<\/p>\n<\/div><\/div>\n\n<\/div><\/div>","protected":false},"excerpt":{"rendered":"<p>Adresse Dr. med. Stefan Buballa Bollwerk 19 3011 Berne E-mail : praxis@frauenarzt-bern.ch Exclusion de responsabilit\u00e9 L'auteur ne garantit pas l'actualit\u00e9, l'exactitude, l'exhaustivit\u00e9 ou la qualit\u00e9 des informations mises \u00e0 disposition. L'auteur ne saurait \u00eatre tenu responsable des dommages mat\u00e9riels ou immat\u00e9riels qui pourraient \u00eatre caus\u00e9s par l'acc\u00e8s aux informations diffus\u00e9es ou par leur utilisation ou non-utilisation, par le mauvais usage de la connexion ou par&amp;#8230 ;<\/p>","protected":false},"author":1,"featured_media":0,"parent":0,"menu_order":0,"comment_status":"closed","ping_status":"closed","template":"","meta":{"_kad_blocks_custom_css":"","_kad_blocks_head_custom_js":"","_kad_blocks_body_custom_js":"","_kad_blocks_footer_custom_js":"","_kadence_starter_templates_imported_post":false,"_kad_post_transparent":"","_kad_post_title":"","_kad_post_layout":"","_kad_post_sidebar_id":"","_kad_post_content_style":"","_kad_post_vertical_padding":"","_kad_post_feature":"","_kad_post_feature_position":"","_kad_post_header":false,"_kad_post_footer":false,"_kad_post_classname":"","footnotes":""},"class_list":["post-1864","page","type-page","status-publish","hentry"],"taxonomy_info":[],"featured_image_src_large":false,"author_info":{"display_name":"admin","author_link":"https:\/\/www.frauenarzt-bern.ch\/fr\/author\/nathaliewiederkehr_k3s60rd3\/"},"comment_info":0,"_links":{"self":[{"href":"https:\/\/www.frauenarzt-bern.ch\/fr\/wp-json\/wp\/v2\/pages\/1864","targetHints":{"allow":["GET"]}}],"collection":[{"href":"https:\/\/www.frauenarzt-bern.ch\/fr\/wp-json\/wp\/v2\/pages"}],"about":[{"href":"https:\/\/www.frauenarzt-bern.ch\/fr\/wp-json\/wp\/v2\/types\/page"}],"author":[{"embeddable":true,"href":"https:\/\/www.frauenarzt-bern.ch\/fr\/wp-json\/wp\/v2\/users\/1"}],"replies":[{"embeddable":true,"href":"https:\/\/www.frauenarzt-bern.ch\/fr\/wp-json\/wp\/v2\/comments?post=1864"}],"version-history":[{"count":11,"href":"https:\/\/www.frauenarzt-bern.ch\/fr\/wp-json\/wp\/v2\/pages\/1864\/revisions"}],"predecessor-version":[{"id":2721,"href":"https:\/\/www.frauenarzt-bern.ch\/fr\/wp-json\/wp\/v2\/pages\/1864\/revisions\/2721"}],"wp:attachment":[{"href":"https:\/\/www.frauenarzt-bern.ch\/fr\/wp-json\/wp\/v2\/media?parent=1864"}],"curies":[{"name":"wp","href":"https:\/\/api.w.org\/{rel}","templated":true}]}}