{"id":1864,"date":"2024-06-28T17:57:23","date_gmt":"2024-06-28T15:57:23","guid":{"rendered":"https:\/\/www.frauenarzt-bern.local\/?page_id=1864"},"modified":"2026-03-31T20:31:42","modified_gmt":"2026-03-31T18:31:42","slug":"impressum","status":"publish","type":"page","link":"https:\/\/www.frauenarzt-bern.ch\/es\/impressum\/","title":{"rendered":"Pie de imprenta"},"content":{"rendered":"<style>.kb-row-layout-id1864_3c8f9e-b7 > .kt-row-column-wrap{align-content:start;}:where(.kb-row-layout-id1864_3c8f9e-b7 > .kt-row-column-wrap) > .wp-block-kadence-column{justify-content:start;}.kb-row-layout-id1864_3c8f9e-b7 > .kt-row-column-wrap{column-gap:var(--global-kb-gap-md, 2rem);row-gap:var(--global-kb-gap-md, 2rem);max-width:var( --global-content-width, 1290px );padding-left:var(--global-content-edge-padding);padding-right:var(--global-content-edge-padding);padding-top:var(--global-kb-spacing-sm, 1.5rem);padding-bottom:var(--global-kb-spacing-sm, 1.5rem);grid-template-columns:minmax(0, 1fr);}.kb-row-layout-id1864_3c8f9e-b7 > .kt-row-layout-overlay{opacity:0.30;}@media all and (max-width: 1024px){.kb-row-layout-id1864_3c8f9e-b7 > .kt-row-column-wrap{grid-template-columns:minmax(0, 1fr);}}@media all and (max-width: 767px){.kb-row-layout-id1864_3c8f9e-b7 > .kt-row-column-wrap{grid-template-columns:minmax(0, 1fr);}}<\/style><div class=\"kb-row-layout-wrap kb-row-layout-id1864_3c8f9e-b7 alignnone wp-block-kadence-rowlayout\"><div class=\"kt-row-column-wrap kt-has-1-columns kt-row-layout-equal kt-tab-layout-inherit kt-mobile-layout-row kt-row-valign-top kb-theme-content-width\">\n<style>.kadence-column1864_bde016-35 > .kt-inside-inner-col,.kadence-column1864_bde016-35 > .kt-inside-inner-col:before{border-top-left-radius:0px;border-top-right-radius:0px;border-bottom-right-radius:0px;border-bottom-left-radius:0px;}.kadence-column1864_bde016-35 > .kt-inside-inner-col{column-gap:var(--global-kb-gap-sm, 1rem);}.kadence-column1864_bde016-35 > .kt-inside-inner-col{flex-direction:column;}.kadence-column1864_bde016-35 > .kt-inside-inner-col > .aligncenter{width:100%;}.kadence-column1864_bde016-35 > .kt-inside-inner-col:before{opacity:0.3;}.kadence-column1864_bde016-35{position:relative;}@media all and (max-width: 1024px){.kadence-column1864_bde016-35 > .kt-inside-inner-col{flex-direction:column;justify-content:center;}}@media all and (max-width: 767px){.kadence-column1864_bde016-35 > .kt-inside-inner-col{flex-direction:column;justify-content:center;}}<\/style>\n<div class=\"wp-block-kadence-column kadence-column1864_bde016-35\"><div class=\"kt-inside-inner-col\">\n<h1 class=\"wp-block-heading\">Pie de imprenta<\/h1>\n\n\n\n<h2 class=\"wp-block-heading\">Direcci\u00f3n<\/h2>\n\n\n\n<p>Dr. Stefan Buballa<\/p>\n\n\n\n<p>Baluarte 19<\/p>\n\n\n\n<p>3011 Berna<\/p>\n\n\n\n<p>Correo electr\u00f3nico: praxis@frauenarzt-bern.ch&nbsp;<\/p>\n\n\n\n<h2 class=\"wp-block-heading\">Descargo de responsabilidad<\/h2>\n\n\n\n<p>El autor no asume responsabilidad alguna por la actualidad, exactitud, integridad o calidad de la informaci\u00f3n facilitada.<\/p>\n\n\n\n<p>Quedan excluidas las reclamaciones de responsabilidad contra el autor por da\u00f1os materiales o inmateriales derivados del acceso a la informaci\u00f3n publicada, de su uso o no uso, del uso indebido de la conexi\u00f3n o de fallos t\u00e9cnicos.<\/p>\n\n\n\n<p>Todas las ofertas est\u00e1n sujetas a cambios y no son vinculantes. El autor se reserva expresamente el derecho a modificar, completar o eliminar partes de las p\u00e1ginas o la oferta completa sin previo aviso, o a suspender la publicaci\u00f3n temporal o definitivamente.&nbsp;<\/p>\n\n\n\n<h2 class=\"wp-block-heading\">Enlaces externos<\/h2>\n\n\n\n<p>Nuestro sitio web contiene enlaces a sitios web externos de terceros sobre cuyo contenido no tenemos ninguna influencia. Por lo tanto, no podemos aceptar ninguna responsabilidad por este contenido de terceros. El respectivo proveedor u operador de las p\u00e1ginas es siempre responsable del contenido de las p\u00e1ginas enlazadas. Las p\u00e1ginas enlazadas fueron revisadas en el momento de la vinculaci\u00f3n para detectar posibles infracciones legales. En el momento de establecer el enlace no se detectaron contenidos ilegales.<\/p>\n\n\n\n<p>Sin embargo, no es razonable un control permanente del contenido de las p\u00e1ginas enlazadas sin pruebas concretas de una infracci\u00f3n. Si tenemos conocimiento de alguna infracci\u00f3n legal, eliminaremos dichos enlaces inmediatamente.&nbsp;<\/p>\n\n\n\n<h2 class=\"wp-block-heading\">Derechos de autor<\/h2>\n\n\n\n<p>El copyright y todos los dem\u00e1s derechos sobre los contenidos, im\u00e1genes, fotos u otros archivos del sitio web pertenecen exclusivamente al Dr. Stefan Buballa.<\/p>\n\n\n\n<p>Las im\u00e1genes se utilizan en parte bajo licencia de Shutterstock, Canva, plataformas en l\u00ednea como Pixel, que ofrecen im\u00e1genes gratuitas, y tambi\u00e9n im\u00e1genes propias creadas por el propio Dr. Stefan Buballa.<\/p>\n\n\n\n<p>Para la reproducci\u00f3n de cualquier elemento debe obtenerse el consentimiento previo por escrito del titular de los derechos de autor.<\/p>\n\n\n\n<h2 class=\"wp-block-heading\">Marketing<\/h2>\n\n\n\n<p>Dr. Stefan Buballa se adhiere a las normas del marketing boca a boca. Creemos en la honestidad de las relaciones, opiniones e identidades. La compensaci\u00f3n recibida puede influir en el contenido de los anuncios, temas o posts de este blog. Estos contenidos, espacios publicitarios o posts estar\u00e1n claramente etiquetados como contenidos pagados o patrocinados.<\/p>\n\n\n\n<p>El Dr. Stefan Buballa nunca recibe una remuneraci\u00f3n directa por expresar su opini\u00f3n sobre productos, servicios, sitios web u otros temas diversos. Los puntos de vista y opiniones expresados en este sitio web son exclusivamente los de sus autores. Cuando afirmemos o demos la impresi\u00f3n de ser expertos en un tema, producto o servicio concreto, s\u00f3lo recomendaremos productos o servicios que creamos que merece la pena recomendar bas\u00e1ndonos en nuestra experiencia. Cualquier afirmaci\u00f3n, estad\u00edstica, cita u otra declaraci\u00f3n sobre un producto o servicio debe verificarse con el fabricante o proveedor.<\/p>\n\n\n\n<p>Este sitio web no contiene ning\u00fan contenido que pueda constituir un conflicto de intereses.<\/p>\n\n\n\n<p>No existen declaraciones, garant\u00edas ni avales en cuanto a la exactitud, actualidad o integridad del contenido de este sitio web o de cualquier sitio web vinculado a este sitio web.<\/p>\n<\/div><\/div>\n\n<\/div><\/div>","protected":false},"excerpt":{"rendered":"<p>Pie de imprenta Direcci\u00f3n Dr. Stefan Buballa Bollwerk 19 3011 Berna E-mail: praxis@frauenarzt-bern.ch Descargo de responsabilidad El autor no asume ninguna responsabilidad por la actualidad, exactitud, integridad o calidad de la informaci\u00f3n facilitada. Quedan excluidas las reclamaciones de responsabilidad contra el autor por da\u00f1os materiales o inmateriales derivados del acceso a la informaci\u00f3n publicada, de su uso o no uso, del uso indebido de la conexi\u00f3n o&#8230;<\/p>","protected":false},"author":1,"featured_media":0,"parent":0,"menu_order":0,"comment_status":"closed","ping_status":"closed","template":"","meta":{"_kad_blocks_custom_css":"","_kad_blocks_head_custom_js":"","_kad_blocks_body_custom_js":"","_kad_blocks_footer_custom_js":"","_kadence_starter_templates_imported_post":false,"_kad_post_transparent":"","_kad_post_title":"","_kad_post_layout":"","_kad_post_sidebar_id":"","_kad_post_content_style":"","_kad_post_vertical_padding":"","_kad_post_feature":"","_kad_post_feature_position":"","_kad_post_header":false,"_kad_post_footer":false,"_kad_post_classname":"","footnotes":""},"class_list":["post-1864","page","type-page","status-publish","hentry"],"taxonomy_info":[],"featured_image_src_large":false,"author_info":{"display_name":"admin","author_link":"https:\/\/www.frauenarzt-bern.ch\/es\/author\/nathaliewiederkehr_k3s60rd3\/"},"comment_info":0,"_links":{"self":[{"href":"https:\/\/www.frauenarzt-bern.ch\/es\/wp-json\/wp\/v2\/pages\/1864","targetHints":{"allow":["GET"]}}],"collection":[{"href":"https:\/\/www.frauenarzt-bern.ch\/es\/wp-json\/wp\/v2\/pages"}],"about":[{"href":"https:\/\/www.frauenarzt-bern.ch\/es\/wp-json\/wp\/v2\/types\/page"}],"author":[{"embeddable":true,"href":"https:\/\/www.frauenarzt-bern.ch\/es\/wp-json\/wp\/v2\/users\/1"}],"replies":[{"embeddable":true,"href":"https:\/\/www.frauenarzt-bern.ch\/es\/wp-json\/wp\/v2\/comments?post=1864"}],"version-history":[{"count":11,"href":"https:\/\/www.frauenarzt-bern.ch\/es\/wp-json\/wp\/v2\/pages\/1864\/revisions"}],"predecessor-version":[{"id":2721,"href":"https:\/\/www.frauenarzt-bern.ch\/es\/wp-json\/wp\/v2\/pages\/1864\/revisions\/2721"}],"wp:attachment":[{"href":"https:\/\/www.frauenarzt-bern.ch\/es\/wp-json\/wp\/v2\/media?parent=1864"}],"curies":[{"name":"wp","href":"https:\/\/api.w.org\/{rel}","templated":true}]}}