{"id":1858,"date":"2024-06-28T17:56:26","date_gmt":"2024-06-28T15:56:26","guid":{"rendered":"https:\/\/www.frauenarzt-bern.local\/?page_id=1858"},"modified":"2026-03-31T20:32:21","modified_gmt":"2026-03-31T18:32:21","slug":"datenschutz","status":"publish","type":"page","link":"https:\/\/www.frauenarzt-bern.ch\/es\/datenschutz\/","title":{"rendered":"Protecci\u00f3n de datos"},"content":{"rendered":"<style>.kb-row-layout-id1858_3708ef-83 > .kt-row-column-wrap{align-content:start;}:where(.kb-row-layout-id1858_3708ef-83 > .kt-row-column-wrap) > .wp-block-kadence-column{justify-content:start;}.kb-row-layout-id1858_3708ef-83 > .kt-row-column-wrap{column-gap:var(--global-kb-gap-md, 2rem);row-gap:var(--global-kb-gap-md, 2rem);max-width:var( --global-content-width, 1290px );padding-left:var(--global-content-edge-padding);padding-right:var(--global-content-edge-padding);padding-top:var(--global-kb-spacing-sm, 1.5rem);padding-bottom:var(--global-kb-spacing-sm, 1.5rem);grid-template-columns:minmax(0, 1fr);}.kb-row-layout-id1858_3708ef-83 > .kt-row-layout-overlay{opacity:0.30;}@media all and (max-width: 1024px){.kb-row-layout-id1858_3708ef-83 > .kt-row-column-wrap{grid-template-columns:minmax(0, 1fr);}}@media all and (max-width: 767px){.kb-row-layout-id1858_3708ef-83 > .kt-row-column-wrap{grid-template-columns:minmax(0, 1fr);}}<\/style><div class=\"kb-row-layout-wrap kb-row-layout-id1858_3708ef-83 alignnone wp-block-kadence-rowlayout\"><div class=\"kt-row-column-wrap kt-has-1-columns kt-row-layout-equal kt-tab-layout-inherit kt-mobile-layout-row kt-row-valign-top kb-theme-content-width\">\n<style>.kadence-column1858_229931-74 > .kt-inside-inner-col,.kadence-column1858_229931-74 > .kt-inside-inner-col:before{border-top-left-radius:0px;border-top-right-radius:0px;border-bottom-right-radius:0px;border-bottom-left-radius:0px;}.kadence-column1858_229931-74 > .kt-inside-inner-col{column-gap:var(--global-kb-gap-sm, 1rem);}.kadence-column1858_229931-74 > .kt-inside-inner-col{flex-direction:column;}.kadence-column1858_229931-74 > .kt-inside-inner-col > .aligncenter{width:100%;}.kadence-column1858_229931-74 > .kt-inside-inner-col:before{opacity:0.3;}.kadence-column1858_229931-74{position:relative;}@media all and (max-width: 1024px){.kadence-column1858_229931-74 > .kt-inside-inner-col{flex-direction:column;justify-content:center;}}@media all and (max-width: 767px){.kadence-column1858_229931-74 > .kt-inside-inner-col{flex-direction:column;justify-content:center;}}<\/style>\n<div class=\"wp-block-kadence-column kadence-column1858_229931-74\"><div class=\"kt-inside-inner-col\">\n<h1 class=\"wp-block-heading\">Protecci\u00f3n de datos<\/h1>\n\n\n\n<h2 class=\"wp-block-heading\">Pol\u00edtica de privacidad<\/h2>\n\n\n\n<p>Proteger su privacidad es importante para nosotros. Por ello, hemos desarrollado esta pol\u00edtica para ayudarle a entender c\u00f3mo recopilamos, utilizamos, compartimos y utilizamos los datos personales. A continuaci\u00f3n se explica nuestra pol\u00edtica de protecci\u00f3n de datos.<\/p>\n\n\n\n<p>Cuando accede al sitio web https:\/\/frauenarzt-bern.local, se recopila determinada informaci\u00f3n sobre usted durante su visita.<\/p>\n\n\n\n<p>Al igual que otros sitios web comerciales, nuestro sitio web utiliza una tecnolog\u00eda est\u00e1ndar denominada \"cookies\" (v\u00e9ase la explicaci\u00f3n m\u00e1s abajo) y registros de servidor para recopilar informaci\u00f3n sobre c\u00f3mo se utiliza nuestro sitio web. La informaci\u00f3n recogida por las cookies y los registros del servidor puede incluir la fecha y hora de la visita, las p\u00e1ginas visitadas, el tiempo pasado en nuestro sitio web y los sitios web visitados inmediatamente antes y despu\u00e9s de nuestro sitio web, y su direcci\u00f3n IP.<\/p>\n\n\n\n<h2 class=\"wp-block-heading\" style=\"text-transform:none\">Uso de cookies<\/h2>\n\n\n\n<p>Una cookie es un documento de texto muy peque\u00f1o que suele contener un identificador an\u00f3nimo. Cuando usted visita un sitio web, el ordenador del sitio pregunta a su ordenador si puede almacenar este archivo en un \u00e1rea de su disco duro espec\u00edficamente designada para cookies. Cada sitio web puede enviar su propia cookie a su navegador si la configuraci\u00f3n de \u00e9ste lo permite, pero (para proteger su privacidad) su navegador s\u00f3lo permitir\u00e1 que un sitio web acceda a las cookies que ya le haya enviado y no a las cookies que le env\u00eden otros sitios web.<\/p>\n\n\n\n<h2 class=\"wp-block-heading\">Direcciones IP<\/h2>\n\n\n\n<p>Las direcciones IP son utilizadas por su ordenador cada vez que se conecta a Internet. Su direcci\u00f3n IP es un n\u00famero utilizado por los ordenadores de la red para identificar su ordenador. Las direcciones IP son recogidas autom\u00e1ticamente por nuestro servidor web como parte de los datos demogr\u00e1ficos y de perfil conocidos como \"datos de tr\u00e1fico\" para poder enviarle datos (como las p\u00e1ginas web que solicita).<\/p>\n\n\n\n<h2 class=\"wp-block-heading\">Informaci\u00f3n por correo electr\u00f3nico<\/h2>\n\n\n\n<p>Si mantiene correspondencia con nosotros por correo electr\u00f3nico, podemos almacenar el contenido de sus mensajes junto con su direcci\u00f3n de correo electr\u00f3nico y nuestras respuestas. La misma protecci\u00f3n se aplica a esta comunicaci\u00f3n electr\u00f3nica que a la informaci\u00f3n que recibimos en l\u00ednea, por correo o por tel\u00e9fono. Esto tambi\u00e9n se aplica si se registra en nuestro sitio web, inicia sesi\u00f3n a trav\u00e9s de uno de nuestros formularios con su direcci\u00f3n de correo electr\u00f3nico o realiza una compra a trav\u00e9s de este sitio web. Para m\u00e1s informaci\u00f3n, consulte la pol\u00edtica de correo electr\u00f3nico que figura a continuaci\u00f3n.<\/p>\n\n\n\n<h2 class=\"wp-block-heading\" style=\"text-transform:none\">\u00bfC\u00f3mo utilizamos la informaci\u00f3n que nos facilita?<\/h2>\n\n\n\n<p>En general, utilizamos los datos personales para administrar nuestras actividades comerciales, prestar servicios de atenci\u00f3n al cliente y poner otros productos y servicios a disposici\u00f3n de nuestros clientes y clientes potenciales.<\/p>\n\n\n\n<p>No recopilaremos informaci\u00f3n personal sobre usted cuando visite nuestro sitio web a menos que nos la proporcione voluntariamente, y no venderemos ni revelaremos de ning\u00fan otro modo esta informaci\u00f3n a terceros relacionados sin el consentimiento del usuario en el momento de la recopilaci\u00f3n.<\/p>\n\n\n\n<p>Podemos revelar informaci\u00f3n si as\u00ed nos lo exige la ley, es decir, si creemos de buena fe que la ley lo exige, o para proteger nuestros derechos legales.<\/p>\n\n\n\n<h2 class=\"wp-block-heading\">Pol\u00edtica de correo electr\u00f3nico<\/h2>\n\n\n\n<p>Nos comprometemos a tratar confidencialmente su direcci\u00f3n de correo electr\u00f3nico. No vendemos, alquilamos ni prestamos nuestras listas de direcciones a terceros y no transmitiremos sus datos personales a terceros en ning\u00fan momento, a menos que estemos legalmente obligados a hacerlo.<\/p>\n\n\n\n<p>S\u00f3lo utilizaremos su direcci\u00f3n de correo electr\u00f3nico para enviarle informaci\u00f3n puntual sobre.<\/p>\n\n\n\n<p>Conservaremos la informaci\u00f3n que nos facilite por correo electr\u00f3nico de conformidad con la legislaci\u00f3n federal aplicable.<\/p>\n\n\n\n<h2 class=\"wp-block-heading\">Conformidad con CAN-SPAM<\/h2>\n\n\n\n<p>De conformidad con la Ley CAN-SPAM, todos los correos electr\u00f3nicos enviados por nuestra organizaci\u00f3n indicar\u00e1n claramente de qui\u00e9n procede el mensaje y c\u00f3mo puede contactarse con el remitente. Adem\u00e1s, todos los correos electr\u00f3nicos contienen informaci\u00f3n detallada sobre c\u00f3mo darse de baja de nuestra lista de correo para dejar de recibir correos electr\u00f3nicos nuestros.<\/p>\n\n\n\n<p><\/p>\n\n\n\n<h2 class=\"wp-block-heading\">Uso de enlaces externos<\/h2>\n\n\n\n<p>https:\/\/frauenarzt-bern.localmay contiene enlaces a muchos otros sitios web. No podemos garantizar la exactitud de la informaci\u00f3n contenida en los sitios web enlazados. Los enlaces hacia o desde sitios web externos que no son propiedad o no est\u00e1n controlados por nosotros no constituyen una aprobaci\u00f3n por nuestra parte o por parte de nuestros empleados de los patrocinadores de dichos sitios web o de los productos o informaci\u00f3n ofrecidos en los mismos.<\/p>\n\n\n\n<p>Al acceder a este sitio web, usted acepta someterse a estas condiciones de uso, a todas las leyes y reglamentos aplicables, y acepta que es responsable del cumplimiento de cualquier ley local aplicable. Si no est\u00e1 de acuerdo con alguna de estas condiciones, no puede utilizar este sitio web. El material contenido en este sitio web est\u00e1 protegido por la legislaci\u00f3n aplicable en materia de derechos de autor y marcas registradas.<\/p>\n\n\n\n<h2 class=\"wp-block-heading\">Derechos de propiedad intelectual<\/h2>\n\n\n\n<p>Todos los derechos de autor, marcas comerciales, patentes y otros derechos de propiedad intelectual de nuestro sitio web y de todos los contenidos y programas inform\u00e1ticos incluidos en el mismo son propiedad exclusiva de la empresa o de sus licenciantes. Queda prohibido el uso de nuestras marcas comerciales, contenidos y propiedad intelectual sin nuestro consentimiento expreso por escrito.<\/p>\n\n\n\n<p>No debes hacerlo:<\/p>\n\n\n\n<ul class=\"wp-block-list\">\n<li>publicar material de nuestro sitio web sin autorizaci\u00f3n previa por escrito.<\/li>\n\n\n\n<li>material de nuestro sitio web para su venta o alquiler.<\/li>\n\n\n\n<li>Reproducir, duplicar, derivar, copiar o explotar de cualquier otro modo el material de nuestro sitio web.<\/li>\n\n\n\n<li>redistribuir material de nuestro sitio web, incluso en otro sitio web.<\/li>\n<\/ul>\n\n\n\n<h2 class=\"wp-block-heading\">Uso autorizado<\/h2>\n\n\n\n<p>Usted se compromete a utilizar nuestro sitio web \u00fanicamente con fines l\u00edcitos y de un modo que no infrinja los derechos de terceros ni restrinja o inhiba el uso del sitio web. Las conductas prohibidas incluyen acosar o causar molestias o inconvenientes a otros usuarios, transmitir contenidos obscenos u ofensivos o interrumpir el di\u00e1logo normal en nuestro sitio web.<\/p>\n\n\n\n<p>No puede utilizar nuestro sitio web para enviar comunicaciones comerciales no solicitadas. No podr\u00e1 utilizar el contenido de nuestro sitio web con fines comerciales sin nuestro consentimiento expreso por escrito.<\/p>\n\n\n\n<h2 class=\"wp-block-heading\">Acceso restringido<\/h2>\n\n\n\n<p>Nos reservamos el derecho a restringir el acceso a partes (o a la totalidad) del sitio web en el futuro. Si en alg\u00fan momento le proporcionamos un nombre de usuario y una contrase\u00f1a para acceder a zonas restringidas de nuestro sitio web, deber\u00e1 asegurarse de que tanto su nombre de usuario como su contrase\u00f1a son confidenciales.<\/p>\n\n\n\n<h2 class=\"wp-block-heading\" style=\"text-transform:none\">Uso de testimonios<\/h2>\n\n\n\n<p>De acuerdo con las directrices de la FTC sobre el uso de testimonios y recomendaciones en la publicidad, tenga en cuenta lo siguiente:<\/p>\n\n\n\n<p>Los testimonios que aparecen en este sitio web han sido enviados en forma de texto, audio o v\u00eddeo. Se trata de experiencias individuales que reflejan las vivencias de personas que han utilizado nuestros productos y\/o servicios de alguna manera. Los resultados son individuales y pueden variar. No pretendemos que sean resultados t\u00edpicos. Los testimonios no son necesariamente representativos de todas las personas que utilizan nuestros productos y\/o servicios.<\/p>\n\n\n\n<p>Los testimonios que aparecen en este sitio web en cualquier formato (texto, audio, v\u00eddeo u otros) se reproducen literalmente, salvo correcci\u00f3n de errores gramaticales o tipogr\u00e1ficos. Algunos pueden estar abreviados. En otras palabras, no se reproducir\u00e1 \u00edntegramente el mensaje recibido por el autor del testimonio si es demasiado largo o si el mensaje completo no parece relevante para el p\u00fablico en general.<\/p>\n\n\n\n<p>No aceptamos responsabilidad alguna por las opiniones o comentarios publicados en https:\/\/frauenarzt-bern.local. Este sitio web no es un foro de testimonios, sino que ofrece a los clientes la oportunidad de compartir sus experiencias. Para evitar abusos, todos los testimonios son comprobados por la direcci\u00f3n de https:\/\/frauenarzt-bern.local antes de su publicaci\u00f3n. Las opiniones y puntos de vista expresados en los testimonios pertenecen exclusivamente a sus respectivos autores y no reflejan los puntos de vista del sitio web.<\/p>\n\n\n\n<p>Los testimonios no deben interpretarse en modo alguno en el sentido de que nuestros productos y\/o servicios puedan utilizarse para diagnosticar, tratar, curar, mitigar o prevenir ninguna enfermedad. Tales afirmaciones, impl\u00edcitas o expl\u00edcitas, en cualquiera de sus formas, no han sido probadas ni evaluadas cl\u00ednicamente.<\/p>\n\n\n\n<h2 class=\"wp-block-heading\" style=\"text-transform:none\">\u00bfC\u00f3mo protegemos sus datos y aseguramos su transmisi\u00f3n?<\/h2>\n\n\n\n<p>El correo electr\u00f3nico no se considera un medio de comunicaci\u00f3n seguro. Por lo tanto, le rogamos que no nos env\u00ede informaci\u00f3n privada por correo electr\u00f3nico. Si lo hace, ser\u00e1 por su cuenta y riesgo. La informaci\u00f3n que introduce en nuestro sitio web se transmite a trav\u00e9s de un medio seguro conocido como Secure Sockets Layer (SSL). La informaci\u00f3n sobre tarjetas de cr\u00e9dito y otros datos sensibles nunca se env\u00eda por correo electr\u00f3nico.<\/p>\n\n\n\n<p>Utilizamos programas inform\u00e1ticos para elaborar estad\u00edsticas resumidas. \u00c9stas nos ayudan a determinar el n\u00famero de visitantes de las distintas \u00e1reas de nuestro sitio web, a determinar qu\u00e9 informaci\u00f3n es de mayor y menor inter\u00e9s, a establecer directrices de dise\u00f1o t\u00e9cnico y a identificar \u00e1reas problem\u00e1ticas o de rendimiento del sistema.<\/p>\n\n\n\n<p>Por razones de seguridad y para garantizar la disponibilidad de este servicio para todos los usuarios, utilizamos programas inform\u00e1ticos para controlar el tr\u00e1fico de la red. Estos programas se utilizan para detectar intentos no autorizados de cargar o modificar informaci\u00f3n o causar da\u00f1os de cualquier otra forma.<\/p>\n\n\n\n<h2 class=\"wp-block-heading\" style=\"text-transform:none\">Exclusi\u00f3n y limitaci\u00f3n de responsabilidad<\/h2>\n\n\n\n<p>No se asume responsabilidad alguna por la exactitud, actualizaci\u00f3n o integridad del contenido de este sitio web o de los sitios web vinculados al mismo.<\/p>\n\n\n\n<p>Todo el material de este sitio web se proporciona sin garant\u00eda de ning\u00fan tipo, ya sea expresa o impl\u00edcita, incluidas las garant\u00edas de comerciabilidad, no infracci\u00f3n de la propiedad intelectual o idoneidad para un fin determinado. En ning\u00fan caso la Empresa, sus agentes o afiliados ser\u00e1n responsables de da\u00f1os de ning\u00fan tipo (incluidos, entre otros, da\u00f1os por lucro cesante, interrupci\u00f3n de la actividad empresarial, p\u00e9rdida de informaci\u00f3n, lesiones personales o fallecimiento) derivados del uso o de la imposibilidad de usar el material, aun cuando se haya advertido de la posibilidad de tales da\u00f1os.<\/p>\n\n\n\n<h2 class=\"wp-block-heading\">Cambios en las directrices<\/h2>\n\n\n\n<p>Nos reservamos el derecho a modificar esta Pol\u00edtica de Privacidad en cualquier momento con o sin previo aviso. Sin embargo, le aseguramos que si la Pol\u00edtica de Privacidad se modifica en el futuro, no utilizaremos la informaci\u00f3n personal que nos proporcione en virtud de esta Pol\u00edtica de Privacidad de una manera que sea materialmente incompatible con esta Pol\u00edtica de Privacidad sin su consentimiento previo.<\/p>\n\n\n\n<p>Nos comprometemos a desarrollar nuestra actividad de acuerdo con estos principios para garantizar la protecci\u00f3n y el mantenimiento de la confidencialidad de los datos personales.<\/p>\n\n\n\n<h2 class=\"wp-block-heading\">Contacto<\/h2>\n\n\n\n<p>Si tiene alguna pregunta sobre esta pol\u00edtica o sobre el uso de nuestro sitio web, p\u00f3ngase en contacto con nosotros aqu\u00ed:<\/p>\n\n\n\n<p>praxis@frauenarzt-bern.ch<\/p>\n<\/div><\/div>\n\n<\/div><\/div>","protected":false},"excerpt":{"rendered":"<p>Protecci\u00f3n de datos Pol\u00edtica de privacidad La protecci\u00f3n de su privacidad es importante para nosotros. Por ello, hemos desarrollado esta pol\u00edtica para ayudarle a entender c\u00f3mo recopilamos, utilizamos, compartimos y utilizamos los datos personales. Nuestra pol\u00edtica de privacidad se explica a continuaci\u00f3n. Cuando accede al sitio web https:\/\/frauenarzt-bern.local, se recopila cierta informaci\u00f3n sobre usted durante su visita. Al igual que ocurre con otros sitios web comerciales&#8230;<\/p>","protected":false},"author":1,"featured_media":0,"parent":0,"menu_order":0,"comment_status":"closed","ping_status":"closed","template":"","meta":{"_kad_blocks_custom_css":"","_kad_blocks_head_custom_js":"","_kad_blocks_body_custom_js":"","_kad_blocks_footer_custom_js":"","_kadence_starter_templates_imported_post":false,"_kad_post_transparent":"","_kad_post_title":"","_kad_post_layout":"","_kad_post_sidebar_id":"","_kad_post_content_style":"","_kad_post_vertical_padding":"","_kad_post_feature":"","_kad_post_feature_position":"","_kad_post_header":false,"_kad_post_footer":false,"_kad_post_classname":"","footnotes":""},"class_list":["post-1858","page","type-page","status-publish","hentry"],"taxonomy_info":[],"featured_image_src_large":false,"author_info":{"display_name":"admin","author_link":"https:\/\/www.frauenarzt-bern.ch\/es\/author\/nathaliewiederkehr_k3s60rd3\/"},"comment_info":0,"_links":{"self":[{"href":"https:\/\/www.frauenarzt-bern.ch\/es\/wp-json\/wp\/v2\/pages\/1858","targetHints":{"allow":["GET"]}}],"collection":[{"href":"https:\/\/www.frauenarzt-bern.ch\/es\/wp-json\/wp\/v2\/pages"}],"about":[{"href":"https:\/\/www.frauenarzt-bern.ch\/es\/wp-json\/wp\/v2\/types\/page"}],"author":[{"embeddable":true,"href":"https:\/\/www.frauenarzt-bern.ch\/es\/wp-json\/wp\/v2\/users\/1"}],"replies":[{"embeddable":true,"href":"https:\/\/www.frauenarzt-bern.ch\/es\/wp-json\/wp\/v2\/comments?post=1858"}],"version-history":[{"count":12,"href":"https:\/\/www.frauenarzt-bern.ch\/es\/wp-json\/wp\/v2\/pages\/1858\/revisions"}],"predecessor-version":[{"id":2757,"href":"https:\/\/www.frauenarzt-bern.ch\/es\/wp-json\/wp\/v2\/pages\/1858\/revisions\/2757"}],"wp:attachment":[{"href":"https:\/\/www.frauenarzt-bern.ch\/es\/wp-json\/wp\/v2\/media?parent=1858"}],"curies":[{"name":"wp","href":"https:\/\/api.w.org\/{rel}","templated":true}]}}