{"id":1864,"date":"2024-06-28T17:57:23","date_gmt":"2024-06-28T15:57:23","guid":{"rendered":"https:\/\/www.frauenarzt-bern.local\/?page_id=1864"},"modified":"2026-03-31T20:31:42","modified_gmt":"2026-03-31T18:31:42","slug":"impressum","status":"publish","type":"page","link":"https:\/\/www.frauenarzt-bern.ch\/de\/impressum\/","title":{"rendered":"Impressum"},"content":{"rendered":"<style>.kb-row-layout-id1864_3c8f9e-b7 > .kt-row-column-wrap{align-content:start;}:where(.kb-row-layout-id1864_3c8f9e-b7 > .kt-row-column-wrap) > .wp-block-kadence-column{justify-content:start;}.kb-row-layout-id1864_3c8f9e-b7 > .kt-row-column-wrap{column-gap:var(--global-kb-gap-md, 2rem);row-gap:var(--global-kb-gap-md, 2rem);max-width:var( --global-content-width, 1290px );padding-left:var(--global-content-edge-padding);padding-right:var(--global-content-edge-padding);padding-top:var(--global-kb-spacing-sm, 1.5rem);padding-bottom:var(--global-kb-spacing-sm, 1.5rem);grid-template-columns:minmax(0, 1fr);}.kb-row-layout-id1864_3c8f9e-b7 > .kt-row-layout-overlay{opacity:0.30;}@media all and (max-width: 1024px){.kb-row-layout-id1864_3c8f9e-b7 > .kt-row-column-wrap{grid-template-columns:minmax(0, 1fr);}}@media all and (max-width: 767px){.kb-row-layout-id1864_3c8f9e-b7 > .kt-row-column-wrap{grid-template-columns:minmax(0, 1fr);}}<\/style><div class=\"kb-row-layout-wrap kb-row-layout-id1864_3c8f9e-b7 alignnone wp-block-kadence-rowlayout\"><div class=\"kt-row-column-wrap kt-has-1-columns kt-row-layout-equal kt-tab-layout-inherit kt-mobile-layout-row kt-row-valign-top kb-theme-content-width\">\n<style>.kadence-column1864_bde016-35 > .kt-inside-inner-col,.kadence-column1864_bde016-35 > .kt-inside-inner-col:before{border-top-left-radius:0px;border-top-right-radius:0px;border-bottom-right-radius:0px;border-bottom-left-radius:0px;}.kadence-column1864_bde016-35 > .kt-inside-inner-col{column-gap:var(--global-kb-gap-sm, 1rem);}.kadence-column1864_bde016-35 > .kt-inside-inner-col{flex-direction:column;}.kadence-column1864_bde016-35 > .kt-inside-inner-col > .aligncenter{width:100%;}.kadence-column1864_bde016-35 > .kt-inside-inner-col:before{opacity:0.3;}.kadence-column1864_bde016-35{position:relative;}@media all and (max-width: 1024px){.kadence-column1864_bde016-35 > .kt-inside-inner-col{flex-direction:column;justify-content:center;}}@media all and (max-width: 767px){.kadence-column1864_bde016-35 > .kt-inside-inner-col{flex-direction:column;justify-content:center;}}<\/style>\n<div class=\"wp-block-kadence-column kadence-column1864_bde016-35\"><div class=\"kt-inside-inner-col\">\n<h1 class=\"wp-block-heading\">Impressum<\/h1>\n\n\n\n<h2 class=\"wp-block-heading\">Adresse<\/h2>\n\n\n\n<p>Dr. med. Stefan Buballa<\/p>\n\n\n\n<p>Bollwerk 19<\/p>\n\n\n\n<p>3011 Bern<\/p>\n\n\n\n<p>E-Mail: praxis@frauenarzt-bern.ch&nbsp;<\/p>\n\n\n\n<h2 class=\"wp-block-heading\">Haftungsausschluss<\/h2>\n\n\n\n<p>Der Autor \u00fcbernimmt keinerlei Gew\u00e4hr f\u00fcr die Aktualit\u00e4t, Korrektheit, Vollst\u00e4ndigkeit oder Qualit\u00e4t der bereitgestellten Informationen.<\/p>\n\n\n\n<p>Haftungsanspr\u00fcche gegen den Autor wegen Sch\u00e4den materieller oder immaterieller Art, welche aus dem Zugriff oder der Nutzung bzw. Nichtnutzung der ver\u00f6ffentlichten Informationen, durch Missbrauch der Verbindung oder durch technische St\u00f6rungen entstanden sind, werden ausgeschlossen.<\/p>\n\n\n\n<p>Alle Angebote sind freibleibend und unverbindlich. Der Autor beh\u00e4lt es sich ausdr\u00fccklich vor, Teile der Seiten oder das gesamte Angebot ohne gesonderte Ank\u00fcndigung zu ver\u00e4ndern, zu erg\u00e4nzen, zu l\u00f6schen oder die Ver\u00f6ffentlichung zeitweise oder endg\u00fcltig einzustellen.&nbsp;<\/p>\n\n\n\n<h2 class=\"wp-block-heading\">Externe Links<\/h2>\n\n\n\n<p>Unser Angebot enth\u00e4lt Links zu externen Webseiten Dritter, auf deren Inhalte wir keinen Einfluss haben. Deshalb k\u00f6nnen wir f\u00fcr diese fremden Inhalte auch keine Gew\u00e4hr \u00fcbernehmen. F\u00fcr die Inhalte der verlinkten Seiten ist stets der jeweilige Anbieter oder Betreiber der Seiten verantwortlich. Die verlinkten Seiten wurden zum Zeitpunkt der Verlinkung auf m\u00f6gliche Rechtsverst\u00f6sse \u00fcberpr\u00fcft. Rechtswidrige Inhalte waren zum Zeitpunkt der Verlinkung nicht erkennbar.<\/p>\n\n\n\n<p>Eine permanente inhaltliche Kontrolle der verlinkten Seiten ist jedoch ohne konkrete Anhaltspunkte einer Rechtsverletzung nicht zumutbar. Bei bekannt werden von Rechtsverletzungen werden wir derartige Links umgehend entfernen.&nbsp;<\/p>\n\n\n\n<h2 class=\"wp-block-heading\">Urheberrechte<\/h2>\n\n\n\n<p>Die Urheber- und alle anderen Rechte an Inhalten, Bildern, Fotos oder anderen Dateien auf der Website stehen allein Dr. med. Stefan Buballa zu.<\/p>\n\n\n\n<p>Die Bilder werden teilweise unter Lizenz von Shutterstock, Canva, Online-Plattformen wie Pixel, die kostenlose Bilder zur Verf\u00fcgung stellen, und auch eigene Bilder, die von Dr. med. Stefan Buballa selbst erstellt wurden, verwendet.<\/p>\n\n\n\n<p>F\u00fcr die Reproduktion jeglicher Elemente ist die vorherige schriftliche Zustimmung des Urheberrechtsinhabers einzuholen.<\/p>\n\n\n\n<h2 class=\"wp-block-heading\">Marketing<\/h2>\n\n\n\n<p>Dr. med. Stefan Buballa h\u00e4lt sich an die Standards des Mundpropaganda-Marketings. Wir glauben an die Ehrlichkeit von Beziehungen, Meinungen und Identit\u00e4ten. Die erhaltene Verg\u00fctung kann den Inhalt der Werbung, Themen oder Beitr\u00e4ge in diesem Blog beeinflussen. Diese Inhalte, Werbefl\u00e4chen oder Beitr\u00e4ge werden deutlich als bezahlter oder gesponserter Inhalt gekennzeichnet.<\/p>\n\n\n\n<p>Dr. med. Stefan Buballa wird niemals direkt daf\u00fcr bezahlt, dass er seine Meinung zu Produkten, Dienstleistungen, Websites oder verschiedenen anderen Themen \u00e4ussert. Die auf dieser Website ge\u00e4usserten Ansichten und Meinungen sind ausschliesslich die der Autoren. Wenn wir behaupten oder den Anschein erwecken, dass wir Experten f\u00fcr ein bestimmtes Thema oder ein bestimmtes Produkt oder eine bestimmte Dienstleistung sind, werden wir nur Produkte oder Dienstleistungen empfehlen, die wir aufgrund unserer Fachkenntnisse f\u00fcr empfehlenswert halten. Alle Produktaussagen, Statistiken, Zitate oder andere Darstellungen \u00fcber ein Produkt oder eine Dienstleistung sollten beim Hersteller oder Anbieter \u00fcberpr\u00fcft werden.<\/p>\n\n\n\n<p>Diese Website enth\u00e4lt keine Inhalte, die einen Interessenkonflikt darstellen k\u00f6nnten.<\/p>\n\n\n\n<p>Es gibt keine Zusicherungen, Garantien oder Gew\u00e4hrleistungen hinsichtlich der Richtigkeit, Aktualit\u00e4t oder Vollst\u00e4ndigkeit des Inhalts dieser Website oder von Websites, die mit dieser Website verlinkt sind.<\/p>\n<\/div><\/div>\n\n<\/div><\/div>","protected":false},"excerpt":{"rendered":"<p>Impressum Adresse Dr. med. Stefan Buballa Bollwerk 19 3011 Bern E-Mail: praxis@frauenarzt-bern.ch&nbsp; Haftungsausschluss Der Autor \u00fcbernimmt keinerlei Gew\u00e4hr f\u00fcr die Aktualit\u00e4t, Korrektheit, Vollst\u00e4ndigkeit oder Qualit\u00e4t der bereitgestellten Informationen. Haftungsanspr\u00fcche gegen den Autor wegen Sch\u00e4den materieller oder immaterieller Art, welche aus dem Zugriff oder der Nutzung bzw. Nichtnutzung der ver\u00f6ffentlichten Informationen, durch Missbrauch der Verbindung oder&#8230;<\/p>\n","protected":false},"author":1,"featured_media":0,"parent":0,"menu_order":0,"comment_status":"closed","ping_status":"closed","template":"","meta":{"_kad_blocks_custom_css":"","_kad_blocks_head_custom_js":"","_kad_blocks_body_custom_js":"","_kad_blocks_footer_custom_js":"","_kadence_starter_templates_imported_post":false,"_kad_post_transparent":"","_kad_post_title":"","_kad_post_layout":"","_kad_post_sidebar_id":"","_kad_post_content_style":"","_kad_post_vertical_padding":"","_kad_post_feature":"","_kad_post_feature_position":"","_kad_post_header":false,"_kad_post_footer":false,"_kad_post_classname":"","footnotes":""},"class_list":["post-1864","page","type-page","status-publish","hentry"],"taxonomy_info":[],"featured_image_src_large":false,"author_info":{"display_name":"admin","author_link":"https:\/\/www.frauenarzt-bern.ch\/de\/author\/nathaliewiederkehr_k3s60rd3\/"},"comment_info":0,"_links":{"self":[{"href":"https:\/\/www.frauenarzt-bern.ch\/de\/wp-json\/wp\/v2\/pages\/1864","targetHints":{"allow":["GET"]}}],"collection":[{"href":"https:\/\/www.frauenarzt-bern.ch\/de\/wp-json\/wp\/v2\/pages"}],"about":[{"href":"https:\/\/www.frauenarzt-bern.ch\/de\/wp-json\/wp\/v2\/types\/page"}],"author":[{"embeddable":true,"href":"https:\/\/www.frauenarzt-bern.ch\/de\/wp-json\/wp\/v2\/users\/1"}],"replies":[{"embeddable":true,"href":"https:\/\/www.frauenarzt-bern.ch\/de\/wp-json\/wp\/v2\/comments?post=1864"}],"version-history":[{"count":11,"href":"https:\/\/www.frauenarzt-bern.ch\/de\/wp-json\/wp\/v2\/pages\/1864\/revisions"}],"predecessor-version":[{"id":2721,"href":"https:\/\/www.frauenarzt-bern.ch\/de\/wp-json\/wp\/v2\/pages\/1864\/revisions\/2721"}],"wp:attachment":[{"href":"https:\/\/www.frauenarzt-bern.ch\/de\/wp-json\/wp\/v2\/media?parent=1864"}],"curies":[{"name":"wp","href":"https:\/\/api.w.org\/{rel}","templated":true}]}}