{"id":1858,"date":"2024-06-28T17:56:26","date_gmt":"2024-06-28T15:56:26","guid":{"rendered":"https:\/\/www.frauenarzt-bern.local\/?page_id=1858"},"modified":"2026-03-31T20:32:21","modified_gmt":"2026-03-31T18:32:21","slug":"datenschutz","status":"publish","type":"page","link":"https:\/\/www.frauenarzt-bern.ch\/de\/datenschutz\/","title":{"rendered":"Datenschutz"},"content":{"rendered":"<style>.kb-row-layout-id1858_3708ef-83 > .kt-row-column-wrap{align-content:start;}:where(.kb-row-layout-id1858_3708ef-83 > .kt-row-column-wrap) > .wp-block-kadence-column{justify-content:start;}.kb-row-layout-id1858_3708ef-83 > .kt-row-column-wrap{column-gap:var(--global-kb-gap-md, 2rem);row-gap:var(--global-kb-gap-md, 2rem);max-width:var( --global-content-width, 1290px );padding-left:var(--global-content-edge-padding);padding-right:var(--global-content-edge-padding);padding-top:var(--global-kb-spacing-sm, 1.5rem);padding-bottom:var(--global-kb-spacing-sm, 1.5rem);grid-template-columns:minmax(0, 1fr);}.kb-row-layout-id1858_3708ef-83 > .kt-row-layout-overlay{opacity:0.30;}@media all and (max-width: 1024px){.kb-row-layout-id1858_3708ef-83 > .kt-row-column-wrap{grid-template-columns:minmax(0, 1fr);}}@media all and (max-width: 767px){.kb-row-layout-id1858_3708ef-83 > .kt-row-column-wrap{grid-template-columns:minmax(0, 1fr);}}<\/style><div class=\"kb-row-layout-wrap kb-row-layout-id1858_3708ef-83 alignnone wp-block-kadence-rowlayout\"><div class=\"kt-row-column-wrap kt-has-1-columns kt-row-layout-equal kt-tab-layout-inherit kt-mobile-layout-row kt-row-valign-top kb-theme-content-width\">\n<style>.kadence-column1858_229931-74 > .kt-inside-inner-col,.kadence-column1858_229931-74 > .kt-inside-inner-col:before{border-top-left-radius:0px;border-top-right-radius:0px;border-bottom-right-radius:0px;border-bottom-left-radius:0px;}.kadence-column1858_229931-74 > .kt-inside-inner-col{column-gap:var(--global-kb-gap-sm, 1rem);}.kadence-column1858_229931-74 > .kt-inside-inner-col{flex-direction:column;}.kadence-column1858_229931-74 > .kt-inside-inner-col > .aligncenter{width:100%;}.kadence-column1858_229931-74 > .kt-inside-inner-col:before{opacity:0.3;}.kadence-column1858_229931-74{position:relative;}@media all and (max-width: 1024px){.kadence-column1858_229931-74 > .kt-inside-inner-col{flex-direction:column;justify-content:center;}}@media all and (max-width: 767px){.kadence-column1858_229931-74 > .kt-inside-inner-col{flex-direction:column;justify-content:center;}}<\/style>\n<div class=\"wp-block-kadence-column kadence-column1858_229931-74\"><div class=\"kt-inside-inner-col\">\n<h1 class=\"wp-block-heading\">Datenschutz<\/h1>\n\n\n\n<h2 class=\"wp-block-heading\">Datenschutzerkl\u00e4rung<\/h2>\n\n\n\n<p>Der Schutz Ihrer Privatsph\u00e4re ist uns ein wichtiges Anliegen. Daher haben wir diese Richtlinie entwickelt, damit Sie verstehen, wie wir personenbezogene Daten erheben, verwenden, weitergeben und nutzen. Im Folgenden wird unsere Datenschutzpolitik erl\u00e4utert.<\/p>\n\n\n\n<p>Wenn Sie auf die Website https:\/\/frauenarzt-bern.local zugreifen, werden w\u00e4hrend Ihres Besuchs bestimmte Informationen \u00fcber Sie erfasst.<\/p>\n\n\n\n<p>\u00c4hnlich wie andere kommerzielle Websites verwendet unsere Website eine Standardtechnologie namens &#8222;Cookies&#8220; (siehe Erkl\u00e4rung unten) und Serverprotokolle, um Informationen dar\u00fcber zu sammeln, wie unsere Website genutzt wird. Die durch Cookies und Serverprotokolle gesammelten Informationen k\u00f6nnen das Datum und die Uhrzeit des Besuchs, die besuchten Seiten, die auf unserer Website verbrachte Zeit und die Websites, die unmittelbar vor und nach unserer Website besucht wurden, sowie Ihre IP-Adresse umfassen.<\/p>\n\n\n\n<h2 class=\"wp-block-heading\" style=\"text-transform:none\">Verwendung von Cookies<\/h2>\n\n\n\n<p>Ein Cookie ist ein sehr kleines Textdokument, das h\u00e4ufig eine anonyme Kennung enth\u00e4lt. Wenn Sie eine Website besuchen, fragt der Computer dieser Website Ihren Computer, ob er diese Datei in einem speziell f\u00fcr Cookies vorgesehenen Bereich auf Ihrer Festplatte speichern darf. Jede Website kann ihren eigenen Cookie an Ihren Browser senden, wenn die Einstellungen Ihres Browsers dies zulassen, aber (um Ihre Privatsph\u00e4re zu sch\u00fctzen) erlaubt Ihr Browser einer Website nur den Zugriff auf die Cookies, die sie bereits an Sie gesendet hat, und nicht auf die Cookies, die Ihnen von anderen Websites gesendet wurden.<\/p>\n\n\n\n<h2 class=\"wp-block-heading\">IP-Adressen<\/h2>\n\n\n\n<p>IP-Adressen werden von Ihrem Computer jedes Mal verwendet, wenn Sie eine Verbindung zum Internet herstellen. Ihre IP-Adresse ist eine Nummer, die von Computern im Netz verwendet wird, um Ihren Computer zu identifizieren. IP-Adressen werden automatisch von unserem Webserver als Teil der demografischen Daten und Profildaten, die als &#8222;Verkehrsdaten&#8220; bekannt sind, gesammelt, damit Daten (wie die von Ihnen angeforderten Webseiten) an Sie gesendet werden k\u00f6nnen.<\/p>\n\n\n\n<h2 class=\"wp-block-heading\">E-Mail-Informationen<\/h2>\n\n\n\n<p>Wenn Sie mit uns per E-Mail korrespondieren, k\u00f6nnen wir den Inhalt Ihrer E-Mail-Nachrichten zusammen mit Ihrer E-Mail-Adresse und unseren Antworten speichern. F\u00fcr diese elektronische Kommunikation gilt derselbe Schutz wie f\u00fcr Informationen, die wir online, per Post oder telefonisch erhalten. Dies gilt auch, wenn Sie sich auf unserer Website registrieren, sich \u00fcber eines unserer Formulare mit Ihrer E-Mail-Adresse anmelden oder einen Kauf \u00fcber diese Website t\u00e4tigen. Weitere Informationen finden Sie in den unten stehenden E-Mail-Richtlinien.<\/p>\n\n\n\n<h2 class=\"wp-block-heading\" style=\"text-transform:none\">Wie verwenden wir die Informationen, die Sie uns geben?<\/h2>\n\n\n\n<p>Im Allgemeinen verwenden wir personenbezogene Daten, um unsere Gesch\u00e4ftsaktivit\u00e4ten zu verwalten, Kundendienst zu leisten und unseren Kunden und potenziellen Kunden andere Produkte und Dienstleistungen zur Verf\u00fcgung zu stellen.<\/p>\n\n\n\n<p>Wir werden keine pers\u00f6nlichen Daten \u00fcber Sie sammeln, wenn Sie unsere Website besuchen, es sei denn, Sie stellen uns diese Daten freiwillig zur Verf\u00fcgung, und wir werden diese Daten nicht an verbundene Dritte verkaufen oder anderweitig weitergeben, ohne die Zustimmung des Benutzers zum Zeitpunkt der Erhebung.<\/p>\n\n\n\n<p>Wir k\u00f6nnen Informationen weitergeben, wenn wir gesetzlich dazu verpflichtet sind, d.h. wenn wir in gutem Glauben davon ausgehen, dass das Gesetz dies verlangt, oder um unsere gesetzlichen Rechte zu sch\u00fctzen.<\/p>\n\n\n\n<h2 class=\"wp-block-heading\">E-Mail-Politik<\/h2>\n\n\n\n<p>Wir verpflichten uns, Ihre E-Mail-Adresse vertraulich zu behandeln. Wir verkaufen, vermieten oder verleihen unsere Adresslisten nicht an Dritte und werden Ihre pers\u00f6nlichen Daten zu keinem Zeitpunkt an Dritte weitergeben, es sei denn, wir sind gesetzlich dazu verpflichtet.<\/p>\n\n\n\n<p>Wir werden Ihre E-Mail-Adresse ausschliesslich dazu verwenden, Ihnen rechtzeitig Informationen \u00fcber zu senden.<\/p>\n\n\n\n<p>Wir werden die von Ihnen per E-Mail \u00fcbermittelten Informationen in \u00dcbereinstimmung mit dem geltenden Bundesgesetz aufbewahren.<\/p>\n\n\n\n<h2 class=\"wp-block-heading\">CAN-SPAM-Konformit\u00e4t<\/h2>\n\n\n\n<p>In \u00dcbereinstimmung mit dem CAN-SPAM-Gesetz wird in allen von unserer Organisation versandten E-Mails deutlich angegeben, von wem die E-Mail stammt und wie der Absender kontaktiert werden kann. Dar\u00fcber hinaus enthalten alle E-Mails genaue Informationen dar\u00fcber, wie Sie sich von unserer Mailingliste abmelden k\u00f6nnen, um keine weiteren E-Mails von uns zu erhalten.<\/p>\n\n\n\n<p><\/p>\n\n\n\n<h2 class=\"wp-block-heading\">Nutzung externer Links<\/h2>\n\n\n\n<p>https:\/\/frauenarzt-bern.localmay enth\u00e4lt Links zu vielen anderen Websites. Wir k\u00f6nnen nicht f\u00fcr die Richtigkeit der Informationen auf den verlinkten Websites garantieren. Links zu oder von externen Websites, die nicht im Besitz von oder unter der Kontrolle von sind, stellen keine Billigung der Sponsoren dieser Websites oder der auf diesen Websites angebotenen Produkte oder Informationen durch uns oder unsere Mitarbeiter dar.<\/p>\n\n\n\n<p>Mit dem Zugriff auf diese Website erkl\u00e4ren Sie sich mit diesen Nutzungsbedingungen und allen geltenden Gesetzen und Vorschriften einverstanden und erkennen an, dass Sie f\u00fcr die Einhaltung aller geltenden lokalen Gesetze verantwortlich sind. Wenn Sie mit einer dieser Bedingungen nicht einverstanden sind, d\u00fcrfen Sie diese Website nicht nutzen. Das auf dieser Website enthaltene Material ist durch geltendes Urheber- und Markenrecht gesch\u00fctzt.<\/p>\n\n\n\n<h2 class=\"wp-block-heading\">Rechte an geistigem Eigentum<\/h2>\n\n\n\n<p>Alle Urheberrechte, Marken, Patente und sonstigen geistigen Eigentumsrechte an unserer Website sowie an allen Inhalten und der Software, die sich auf der Website befinden, bleiben alleiniges Eigentum des Unternehmens oder seiner Lizenzgeber. Die Nutzung unserer Marken, Inhalte und unseres geistigen Eigentums ist ohne unsere ausdr\u00fcckliche schriftliche Zustimmung untersagt.<\/p>\n\n\n\n<p>Sie d\u00fcrfen nicht:<\/p>\n\n\n\n<ul class=\"wp-block-list\">\n<li>Material von unserer Website ohne vorherige schriftliche Genehmigung ver\u00f6ffentlichen.<\/li>\n\n\n\n<li>Material von unserer Website zu verkaufen oder zu vermieten.<\/li>\n\n\n\n<li>Material von unserer Website zu reproduzieren, zu duplizieren, abzuleiten, zu kopieren oder anderweitig zu verwerten.<\/li>\n\n\n\n<li>Material von unserer Website weiter zu verbreiten, auch auf einer anderen Website.<\/li>\n<\/ul>\n\n\n\n<h2 class=\"wp-block-heading\">Zul\u00e4ssige Nutzung<\/h2>\n\n\n\n<p>Sie verpflichten sich, unsere Website nur zu rechtm\u00e4ssigen Zwecken und in einer Weise zu nutzen, die die Rechte anderer nicht verletzt und die Nutzung der Website nicht einschr\u00e4nkt oder behindert. Zu den verbotenen Verhaltensweisen geh\u00f6rt es, andere Nutzer zu bel\u00e4stigen oder ihnen \u00c4rger oder Unannehmlichkeiten zu bereiten, obsz\u00f6ne oder beleidigende Inhalte zu \u00fcbermitteln oder den normalen Dialog auf unserer Website zu st\u00f6ren.<\/p>\n\n\n\n<p>Sie d\u00fcrfen unsere Website nicht dazu verwenden, unaufgefordert kommerzielle Mitteilungen zu versenden. Ohne unsere ausdr\u00fcckliche schriftliche Zustimmung d\u00fcrfen Sie den Inhalt unserer Website nicht f\u00fcr Marketingzwecke verwenden.<\/p>\n\n\n\n<h2 class=\"wp-block-heading\">Eingeschr\u00e4nkter Zugang<\/h2>\n\n\n\n<p>Wir behalten uns das Recht vor, den Zugang zu Teilen der Website (oder der gesamten Website) in Zukunft einzuschr\u00e4nken. Wenn wir Ihnen zu irgendeinem Zeitpunkt einen Benutzernamen und ein Passwort f\u00fcr den Zugang zu eingeschr\u00e4nkten Bereichen unserer Website zur Verf\u00fcgung stellen, m\u00fcssen Sie sicherstellen, dass sowohl Ihr Benutzername als auch Ihr Passwort vertraulich behandelt werden.<\/p>\n\n\n\n<h2 class=\"wp-block-heading\" style=\"text-transform:none\">Verwendung von Testimonials<\/h2>\n\n\n\n<p>In \u00dcbereinstimmung mit den FTC-Richtlinien zur Verwendung von Empfehlungsschreiben und Testimonials in der Werbung, beachten Sie bitte die folgenden Hinweise:<\/p>\n\n\n\n<p>Testimonials, die auf dieser Website erscheinen, wurden als Text, Audio oder Video eingereicht. Es handelt sich um individuelle Erfahrungen, die die Lebenserfahrungen von Personen widerspiegeln, die unsere Produkte und\/oder Dienstleistungen in irgendeiner Weise genutzt haben. Die Ergebnisse sind individuell und k\u00f6nnen variieren. Wir behaupten nicht, dass es sich um typische Ergebnisse handelt. Erfahrungsberichte sind nicht notwendigerweise repr\u00e4sentativ f\u00fcr alle Personen, die unsere Produkte und\/oder Dienstleistungen nutzen.<\/p>\n\n\n\n<p>Die Erfahrungsberichte, die in irgendeiner Form auf dieser Website erscheinen (Text, Audio, Video oder andere), werden wortw\u00f6rtlich wiedergegeben, mit Ausnahme der Korrektur grammatikalischer oder typografischer Fehler. Einige k\u00f6nnen gek\u00fcrzt sein. Mit anderen Worten, es wird nicht die gesamte Botschaft wiedergegeben, die der Verfasser des Testimonials erhalten hat, wenn diese zu lang ist oder nicht die gesamte Botschaft f\u00fcr die Allgemeinheit relevant erscheint.<\/p>\n\n\n\n<p>Wir \u00fcbernehmen keine Verantwortung f\u00fcr Meinungen oder Kommentare, die auf https:\/\/frauenarzt-bern.local ver\u00f6ffentlicht werden. Diese Website ist kein Forum f\u00fcr Erfahrungsberichte, sondern bietet Kunden die M\u00f6glichkeit, ihre Erfahrungen auszutauschen. Um Missbrauch zu verhindern, werden alle Erfahrungsberichte vor der Ver\u00f6ffentlichung von der Leitung von https:\/\/frauenarzt-bern.local gepr\u00fcft. Die in den Erfahrungsberichten ge\u00e4usserten Meinungen und Ansichten sind ausschliesslich die des jeweiligen Verfassers und spiegeln nicht die Ansichten der Website wider.<\/p>\n\n\n\n<p>Die Testimonials sind in keinem Fall so zu verstehen, dass unsere Produkte und\/oder Dienstleistungen zur Diagnose, Behandlung, Heilung, Linderung oder Vorbeugung einer Krankheit verwendet werden k\u00f6nnen. Alle derartigen Behauptungen, implizit oder explizit, in welcher Form auch immer, wurden nicht klinisch getestet oder evaluiert.<\/p>\n\n\n\n<h2 class=\"wp-block-heading\" style=\"text-transform:none\">Wie sch\u00fctzen wir Ihre Daten und sichern die Daten\u00fcbertragung?<\/h2>\n\n\n\n<p>E-Mail gilt nicht als sicheres Kommunikationsmittel. Wir bitten Sie daher, uns keine privaten Informationen per E-Mail zu senden. Sollten Sie dies dennoch tun, so geschieht dies auf Ihr eigenes Risiko. Informationen, die Sie auf unserer Website eingeben, werden \u00fcber ein sicheres Medium \u00fcbertragen, das als Secure Sockets Layer (SSL) bezeichnet wird. Kreditkarteninformationen und andere sensible Daten werden niemals per E-Mail versandt.<\/p>\n\n\n\n<p>Wir verwenden Softwareprogramme, um zusammenfassende Statistiken zu erstellen. Diese helfen uns, die Anzahl der Besucher in den verschiedenen Bereichen unserer Website zu ermitteln, festzustellen, welche Informationen am meisten und welche am wenigsten von Interesse sind, technische Designvorgaben festzulegen und die Systemleistung oder Problembereiche zu identifizieren.<\/p>\n\n\n\n<p>Aus Sicherheitsgr\u00fcnden und um die Verf\u00fcgbarkeit dieses Dienstes f\u00fcr alle Nutzer zu gew\u00e4hrleisten, setzen wir Softwareprogramme zur \u00dcberwachung des Netzwerkverkehrs ein. Diese werden eingesetzt, um unbefugte Versuche, Informationen hochzuladen oder zu ver\u00e4ndern oder anderweitig Schaden anzurichten, zu erkennen.<\/p>\n\n\n\n<h2 class=\"wp-block-heading\" style=\"text-transform:none\">Haftungsausschluss und &#8211; begrenzung<\/h2>\n\n\n\n<p>F\u00fcr die Richtigkeit, Aktualit\u00e4t oder Vollst\u00e4ndigkeit des Inhalts dieser Website oder von Websites, die \u00fcber einen Link mit dieser Website verbunden sind, wird keine Gew\u00e4hr \u00fcbernommen.<\/p>\n\n\n\n<p>Das gesamte Material auf dieser Website wird ohne jegliche ausdr\u00fcckliche oder stillschweigende Garantie zur Verf\u00fcgung gestellt, einschliesslich Garantien der Marktg\u00e4ngigkeit, der Nichtverletzung geistigen Eigentums oder der Eignung f\u00fcr einen bestimmten Zweck. In keinem Fall haften das Unternehmen, seine Vertreter oder Partner f\u00fcr Sch\u00e4den jeglicher Art (einschliesslich, aber nicht beschr\u00e4nkt auf Sch\u00e4den aus entgangenem Gewinn, Gesch\u00e4ftsunterbrechung, Verlust von Informationen, K\u00f6rperverletzung oder Tod), die sich aus der Nutzung oder der Unm\u00f6glichkeit der Nutzung des Materials ergeben, selbst wenn auf die M\u00f6glichkeit solcher Sch\u00e4den hingewiesen wurde.<\/p>\n\n\n\n<h2 class=\"wp-block-heading\">\u00c4nderungen der Richtlinien<\/h2>\n\n\n\n<p>Wir behalten uns das Recht vor, diese Datenschutzerkl\u00e4rung jederzeit mit oder ohne vorherige Ank\u00fcndigung zu \u00e4ndern. Wir versichern Ihnen jedoch, dass wir im Falle einer \u00c4nderung der Datenschutzrichtlinie in der Zukunft die von Ihnen gem\u00e4ss dieser Datenschutzrichtlinie \u00fcbermittelten personenbezogenen Daten ohne Ihre vorherige Zustimmung nicht in einer Weise verwenden werden, die im Wesentlichen mit dieser Datenschutzrichtlinie unvereinbar ist.<\/p>\n\n\n\n<p>Wir verpflichten uns, unsere Gesch\u00e4fte in \u00dcbereinstimmung mit diesen Grunds\u00e4tzen zu f\u00fchren, um sicherzustellen, dass die Vertraulichkeit personenbezogener Daten gesch\u00fctzt und gewahrt wird.<\/p>\n\n\n\n<h2 class=\"wp-block-heading\">Kontakt<\/h2>\n\n\n\n<p>Wenn Sie Fragen zu dieser Richtlinie oder Ihrer Nutzung unserer Website haben, kontaktieren Sie uns bitte hier:<\/p>\n\n\n\n<p>praxis@frauenarzt-bern.ch<\/p>\n<\/div><\/div>\n\n<\/div><\/div>","protected":false},"excerpt":{"rendered":"<p>Datenschutz Datenschutzerkl\u00e4rung Der Schutz Ihrer Privatsph\u00e4re ist uns ein wichtiges Anliegen. Daher haben wir diese Richtlinie entwickelt, damit Sie verstehen, wie wir personenbezogene Daten erheben, verwenden, weitergeben und nutzen. Im Folgenden wird unsere Datenschutzpolitik erl\u00e4utert. Wenn Sie auf die Website https:\/\/frauenarzt-bern.local zugreifen, werden w\u00e4hrend Ihres Besuchs bestimmte Informationen \u00fcber Sie erfasst. \u00c4hnlich wie andere kommerzielle&#8230;<\/p>\n","protected":false},"author":1,"featured_media":0,"parent":0,"menu_order":0,"comment_status":"closed","ping_status":"closed","template":"","meta":{"_kad_blocks_custom_css":"","_kad_blocks_head_custom_js":"","_kad_blocks_body_custom_js":"","_kad_blocks_footer_custom_js":"","_kadence_starter_templates_imported_post":false,"_kad_post_transparent":"","_kad_post_title":"","_kad_post_layout":"","_kad_post_sidebar_id":"","_kad_post_content_style":"","_kad_post_vertical_padding":"","_kad_post_feature":"","_kad_post_feature_position":"","_kad_post_header":false,"_kad_post_footer":false,"_kad_post_classname":"","footnotes":""},"class_list":["post-1858","page","type-page","status-publish","hentry"],"taxonomy_info":[],"featured_image_src_large":false,"author_info":{"display_name":"admin","author_link":"https:\/\/www.frauenarzt-bern.ch\/de\/author\/nathaliewiederkehr_k3s60rd3\/"},"comment_info":0,"_links":{"self":[{"href":"https:\/\/www.frauenarzt-bern.ch\/de\/wp-json\/wp\/v2\/pages\/1858","targetHints":{"allow":["GET"]}}],"collection":[{"href":"https:\/\/www.frauenarzt-bern.ch\/de\/wp-json\/wp\/v2\/pages"}],"about":[{"href":"https:\/\/www.frauenarzt-bern.ch\/de\/wp-json\/wp\/v2\/types\/page"}],"author":[{"embeddable":true,"href":"https:\/\/www.frauenarzt-bern.ch\/de\/wp-json\/wp\/v2\/users\/1"}],"replies":[{"embeddable":true,"href":"https:\/\/www.frauenarzt-bern.ch\/de\/wp-json\/wp\/v2\/comments?post=1858"}],"version-history":[{"count":12,"href":"https:\/\/www.frauenarzt-bern.ch\/de\/wp-json\/wp\/v2\/pages\/1858\/revisions"}],"predecessor-version":[{"id":2757,"href":"https:\/\/www.frauenarzt-bern.ch\/de\/wp-json\/wp\/v2\/pages\/1858\/revisions\/2757"}],"wp:attachment":[{"href":"https:\/\/www.frauenarzt-bern.ch\/de\/wp-json\/wp\/v2\/media?parent=1858"}],"curies":[{"name":"wp","href":"https:\/\/api.w.org\/{rel}","templated":true}]}}